{"id":4040,"date":"2021-11-29T17:18:22","date_gmt":"2021-11-29T17:18:22","guid":{"rendered":"https:\/\/deon.qodeinteractive.com\/?page_id=4040"},"modified":"2025-05-30T09:23:00","modified_gmt":"2025-05-30T09:23:00","slug":"ueber-uns","status":"publish","type":"page","link":"https:\/\/www.spitex-bemeda.ch\/index.php\/ueber-uns\/","title":{"rendered":"\u00dcber uns"},"content":{"rendered":"\t\t<div data-elementor-type=\"wp-page\" data-elementor-id=\"4040\" class=\"elementor elementor-4040\">\n\t\t\t\t\t\t<section class=\"elementor-section elementor-top-section elementor-element elementor-element-57759e8 elementor-section-full_width qodef-elementor-content-grid qodef-extended-grid qodef-extended-grid--left elementor-section-height-default elementor-section-height-default\" data-id=\"57759e8\" data-element_type=\"section\">\n\t\t\t\t\t\t<div class=\"elementor-container elementor-column-gap-no\">\n\t\t\t\t\t<div class=\"elementor-column elementor-col-50 elementor-top-column elementor-element elementor-element-d85b46c qodef-gradient-background-column--no\" data-id=\"d85b46c\" data-element_type=\"column\">\n\t\t\t<div class=\"elementor-widget-wrap elementor-element-populated\">\n\t\t\t\t\t\t<div class=\"elementor-element elementor-element-424a5e9 elementor-widget elementor-widget-deon_core_single_image\" data-id=\"424a5e9\" data-element_type=\"widget\" data-widget_type=\"deon_core_single_image.default\">\n\t\t\t\t<div class=\"elementor-widget-container\">\n\t\t\t\t\t<div class=\"qodef-shortcode qodef-m  qodef-single-image qodef-layout--default   \" >\n\t\t<div class=\"qodef-m-image \">\n\t\t\t\t\t<img fetchpriority=\"high\" decoding=\"async\" width=\"1688\" height=\"1125\" src=\"https:\/\/www.spitex-bemeda.ch\/wp-content\/uploads\/2025\/04\/AdobeStock_184813101_Edited.png\" class=\"attachment-full size-full\" alt=\"\" srcset=\"https:\/\/www.spitex-bemeda.ch\/wp-content\/uploads\/2025\/04\/AdobeStock_184813101_Edited.png 1688w, https:\/\/www.spitex-bemeda.ch\/wp-content\/uploads\/2025\/04\/AdobeStock_184813101_Edited-300x200.png 300w, https:\/\/www.spitex-bemeda.ch\/wp-content\/uploads\/2025\/04\/AdobeStock_184813101_Edited-1024x682.png 1024w, https:\/\/www.spitex-bemeda.ch\/wp-content\/uploads\/2025\/04\/AdobeStock_184813101_Edited-768x512.png 768w, https:\/\/www.spitex-bemeda.ch\/wp-content\/uploads\/2025\/04\/AdobeStock_184813101_Edited-1536x1024.png 1536w, https:\/\/www.spitex-bemeda.ch\/wp-content\/uploads\/2025\/04\/AdobeStock_184813101_Edited-600x400.png 600w\" sizes=\"(max-width: 1688px) 100vw, 1688px\" \/>\t\t\t<\/div>\n<\/div>\n\t\t\t\t<\/div>\n\t\t\t\t<\/div>\n\t\t\t\t\t<\/div>\n\t\t<\/div>\n\t\t\t\t<div class=\"elementor-column elementor-col-50 elementor-top-column elementor-element elementor-element-d22810b qodef-gradient-background-column--no\" data-id=\"d22810b\" data-element_type=\"column\">\n\t\t\t<div class=\"elementor-widget-wrap elementor-element-populated\">\n\t\t\t\t\t\t<div class=\"elementor-element elementor-element-40f19e0 elementor-widget elementor-widget-deon_core_section_title\" data-id=\"40f19e0\" data-element_type=\"widget\" data-widget_type=\"deon_core_section_title.default\">\n\t\t\t\t<div class=\"elementor-widget-container\">\n\t\t\t\t\t<div class=\"qodef-shortcode qodef-m  qodef-section-title qodef-alignment--left  \">\n\t\t<p class=\"qodef-m-subtitle\" >Unser Antrieb<\/p>\n\t\t\t<div class=\"qodef-m-section-text\" ><p>Wir sind \u00fcberzeugt, dass die Pflege durch Angeh\u00f6rige eine wertvolle Ressource im Gesundheits- und Sozialwesen ist, die es zu f\u00f6rdern gilt. Faire L\u00f6hne, soziale Integration sowie die Schliessung von AHV-L\u00fccken sind daf\u00fcr unentbehrlich.<\/p><\/div>\n\t\t<\/div>\n\t\t\t\t<\/div>\n\t\t\t\t<\/div>\n\t\t\t\t\t<\/div>\n\t\t<\/div>\n\t\t\t\t\t<\/div>\n\t\t<\/section>\n\t\t\t\t<section class=\"elementor-section elementor-top-section elementor-element elementor-element-b65c732 elementor-section-full_width qodef-elementor-content-grid elementor-section-height-default elementor-section-height-default\" data-id=\"b65c732\" data-element_type=\"section\" data-settings=\"{&quot;background_background&quot;:&quot;classic&quot;}\">\n\t\t\t\t\t\t<div class=\"elementor-container elementor-column-gap-default\">\n\t\t\t\t\t<div class=\"elementor-column elementor-col-33 elementor-top-column elementor-element elementor-element-a00481e qodef-gradient-background-column--no\" data-id=\"a00481e\" data-element_type=\"column\">\n\t\t\t<div class=\"elementor-widget-wrap elementor-element-populated\">\n\t\t\t\t\t\t<div class=\"elementor-element elementor-element-fc92f49 elementor-widget elementor-widget-deon_core_numbered_text\" data-id=\"fc92f49\" data-element_type=\"widget\" data-widget_type=\"deon_core_numbered_text.default\">\n\t\t\t\t<div class=\"elementor-widget-container\">\n\t\t\t\t\t<div class=\"qodef-shortcode qodef-m  qodef-numbered-text qodef-alignment--left \">\n\t\t\t<h4 class=\"qodef-m-title\" >\n\t\t\t\t\tFaire L\u00f6hne\t\t\t<\/h4>\n\t\t<p class=\"qodef-m-description\" >Pflegende Angeh\u00f6rige sind eine unverzichtbare St\u00fctze des Schweizer Gesundheit- und Sozialwesens. Ihr Engagement verdient eine faire Entlohnung sowie gezielte F\u00f6rderung.<\/p>\n\t<\/div>\n\t\t\t\t<\/div>\n\t\t\t\t<\/div>\n\t\t\t\t\t<\/div>\n\t\t<\/div>\n\t\t\t\t<div class=\"elementor-column elementor-col-33 elementor-top-column elementor-element elementor-element-24c12ac qodef-gradient-background-column--no\" data-id=\"24c12ac\" data-element_type=\"column\">\n\t\t\t<div class=\"elementor-widget-wrap elementor-element-populated\">\n\t\t\t\t\t\t<div class=\"elementor-element elementor-element-e10b75e elementor-widget elementor-widget-deon_core_numbered_text\" data-id=\"e10b75e\" data-element_type=\"widget\" data-widget_type=\"deon_core_numbered_text.default\">\n\t\t\t\t<div class=\"elementor-widget-container\">\n\t\t\t\t\t<div class=\"qodef-shortcode qodef-m  qodef-numbered-text qodef-alignment--left \">\n\t\t\t<h4 class=\"qodef-m-title\" >\n\t\t\t\t\tSicherheit\t\t\t<\/h4>\n\t\t<p class=\"qodef-m-description\" >Die Pflege eines Angeh\u00f6rigen bringt  finanzielle Herausforderungen mit sich. Die Angeh\u00f6rigenpflege sollte AHV-L\u00fccken schliessen und die Rente sichern.<\/p>\n\t<\/div>\n\t\t\t\t<\/div>\n\t\t\t\t<\/div>\n\t\t\t\t\t<\/div>\n\t\t<\/div>\n\t\t\t\t<div class=\"elementor-column elementor-col-33 elementor-top-column elementor-element elementor-element-30711f2 qodef-gradient-background-column--no\" data-id=\"30711f2\" data-element_type=\"column\">\n\t\t\t<div class=\"elementor-widget-wrap elementor-element-populated\">\n\t\t\t\t\t\t<div class=\"elementor-element elementor-element-83b8988 elementor-widget elementor-widget-deon_core_numbered_text\" data-id=\"83b8988\" data-element_type=\"widget\" data-widget_type=\"deon_core_numbered_text.default\">\n\t\t\t\t<div class=\"elementor-widget-container\">\n\t\t\t\t\t<div class=\"qodef-shortcode qodef-m  qodef-numbered-text qodef-alignment--left \">\n\t\t\t<h4 class=\"qodef-m-title\" >\n\t\t\t\t\tDiversit\u00e4t\t\t\t<\/h4>\n\t\t<p class=\"qodef-m-description\" >Jeder Mensch hat seine eigene Geschichte und Lebensweise die es zu achten gilt. Der Umgang mit pflegenden Angeh\u00f6rigen soll stets professionell und respektvoll sein.<\/p>\n\t<\/div>\n\t\t\t\t<\/div>\n\t\t\t\t<\/div>\n\t\t\t\t\t<\/div>\n\t\t<\/div>\n\t\t\t\t\t<\/div>\n\t\t<\/section>\n\t\t\t\t<section class=\"elementor-section elementor-top-section elementor-element elementor-element-9e7f1dc elementor-section-full_width qodef-elementor-content-grid qodef-extended-grid qodef-extended-grid--right elementor-hidden-desktop elementor-hidden-tablet elementor-section-height-default elementor-section-height-default\" data-id=\"9e7f1dc\" data-element_type=\"section\">\n\t\t\t\t\t\t<div class=\"elementor-container elementor-column-gap-no\">\n\t\t\t\t\t<div class=\"elementor-column elementor-col-50 elementor-top-column elementor-element elementor-element-3ba8807 qodef-gradient-background-column--no\" data-id=\"3ba8807\" data-element_type=\"column\">\n\t\t\t<div class=\"elementor-widget-wrap elementor-element-populated\">\n\t\t\t\t\t\t<div class=\"elementor-element elementor-element-cb62db5 elementor-widget elementor-widget-deon_core_section_title\" data-id=\"cb62db5\" data-element_type=\"widget\" data-widget_type=\"deon_core_section_title.default\">\n\t\t\t\t<div class=\"elementor-widget-container\">\n\t\t\t\t\t<div class=\"qodef-shortcode qodef-m  qodef-section-title qodef-alignment--left  \">\n\t\t\t<h3 class=\"qodef-m-title\" style=\"margin-top:9px;\">\n\t\t\t\t\tErfolgreich<br \/> Angeh\u00f6rige pflegen<br \/>\t\t\t<\/h3>\n\t\t\t<\/div>\n\t\t\t\t<\/div>\n\t\t\t\t<\/div>\n\t\t\t\t<div class=\"elementor-element elementor-element-afdff43 elementor-widget-mobile__width-initial elementor-widget elementor-widget-deon_core_tabs\" data-id=\"afdff43\" data-element_type=\"widget\" data-widget_type=\"deon_core_tabs.default\">\n\t\t\t\t<div class=\"elementor-widget-container\">\n\t\t\t\t\t<div class=\"qodef-shortcode qodef-m  qodef-tabs clear qodef-orientation--horizontal qodef-layout--simple\">\n\t<ul class=\"qodef-tabs-navigation\">\n\t\t\t<\/ul>\n\t<div class=\"qodef-tabs-content\" id=\"qodef-tab-428\">\n\t<p style=\"margin-bottom: 25px;\">Starke Partnerschaften sind f\u00fcr uns ein fester Bestandteil der erfolgreichen Angeh\u00f6rigenpflege.<\/p>\n\n<ul>\n \t<li>Mitglied bei ASPS<\/li>\n \t<li>Partner von der Bemeda Academy<\/li>\n \t<li>Partner von Bemeda Personal<\/li>\n \t<li>Partner der XUND Gesundheitsschule<\/li>\n \t<li>Gr\u00fcndungsmitglied des Bildungsnetzes &nbsp; &nbsp; &nbsp; Kolibris<\/li>\n<\/ul><\/div>\n<\/div>\n\t\t\t\t<\/div>\n\t\t\t\t<\/div>\n\t\t\t\t\t<\/div>\n\t\t<\/div>\n\t\t\t\t<div class=\"elementor-column elementor-col-50 elementor-top-column elementor-element elementor-element-7ba203b qodef-gradient-background-column--no\" data-id=\"7ba203b\" data-element_type=\"column\">\n\t\t\t<div class=\"elementor-widget-wrap elementor-element-populated\">\n\t\t\t\t\t\t<div class=\"elementor-element elementor-element-34fc614 elementor-widget elementor-widget-deon_core_single_image\" data-id=\"34fc614\" data-element_type=\"widget\" data-widget_type=\"deon_core_single_image.default\">\n\t\t\t\t<div class=\"elementor-widget-container\">\n\t\t\t\t\t<div class=\"qodef-shortcode qodef-m  qodef-single-image qodef-layout--default   \" >\n\t\t<div class=\"qodef-m-image \">\n\t\t\t\t\t<img decoding=\"async\" width=\"2560\" height=\"1707\" src=\"https:\/\/www.spitex-bemeda.ch\/wp-content\/uploads\/2025\/04\/AdobeStock_67953584-scaled.jpeg\" class=\"attachment-full size-full\" alt=\"\" srcset=\"https:\/\/www.spitex-bemeda.ch\/wp-content\/uploads\/2025\/04\/AdobeStock_67953584-scaled.jpeg 2560w, https:\/\/www.spitex-bemeda.ch\/wp-content\/uploads\/2025\/04\/AdobeStock_67953584-300x200.jpeg 300w, https:\/\/www.spitex-bemeda.ch\/wp-content\/uploads\/2025\/04\/AdobeStock_67953584-1024x683.jpeg 1024w, https:\/\/www.spitex-bemeda.ch\/wp-content\/uploads\/2025\/04\/AdobeStock_67953584-768x512.jpeg 768w, https:\/\/www.spitex-bemeda.ch\/wp-content\/uploads\/2025\/04\/AdobeStock_67953584-1536x1024.jpeg 1536w, https:\/\/www.spitex-bemeda.ch\/wp-content\/uploads\/2025\/04\/AdobeStock_67953584-2048x1365.jpeg 2048w, https:\/\/www.spitex-bemeda.ch\/wp-content\/uploads\/2025\/04\/AdobeStock_67953584-600x400.jpeg 600w\" sizes=\"(max-width: 2560px) 100vw, 2560px\" \/>\t\t\t<\/div>\n<\/div>\n\t\t\t\t<\/div>\n\t\t\t\t<\/div>\n\t\t\t\t\t<\/div>\n\t\t<\/div>\n\t\t\t\t\t<\/div>\n\t\t<\/section>\n\t\t\t\t<section class=\"elementor-section elementor-top-section elementor-element elementor-element-bfe377b elementor-section-full_width qodef-elementor-content-grid qodef-extended-grid qodef-extended-grid--right elementor-hidden-mobile elementor-section-height-default elementor-section-height-default\" data-id=\"bfe377b\" data-element_type=\"section\">\n\t\t\t\t\t\t<div class=\"elementor-container elementor-column-gap-no\">\n\t\t\t\t\t<div class=\"elementor-column elementor-col-50 elementor-top-column elementor-element elementor-element-e4ef1ff qodef-gradient-background-column--no\" data-id=\"e4ef1ff\" data-element_type=\"column\">\n\t\t\t<div class=\"elementor-widget-wrap elementor-element-populated\">\n\t\t\t\t\t\t<div class=\"elementor-element elementor-element-810ca19 elementor-widget elementor-widget-deon_core_section_title\" data-id=\"810ca19\" data-element_type=\"widget\" data-widget_type=\"deon_core_section_title.default\">\n\t\t\t\t<div class=\"elementor-widget-container\">\n\t\t\t\t\t<div class=\"qodef-shortcode qodef-m  qodef-section-title qodef-alignment--left  \">\n\t\t\t<h3 class=\"qodef-m-title\" style=\"margin-top:9px;\">\n\t\t\t\t\tErfolgreich<br \/> Angeh\u00f6rige pflegen<br \/>\t\t\t<\/h3>\n\t\t\t<\/div>\n\t\t\t\t<\/div>\n\t\t\t\t<\/div>\n\t\t\t\t<div class=\"elementor-element elementor-element-2ba5b22 elementor-widget-mobile__width-initial elementor-widget elementor-widget-deon_core_tabs\" data-id=\"2ba5b22\" data-element_type=\"widget\" data-widget_type=\"deon_core_tabs.default\">\n\t\t\t\t<div class=\"elementor-widget-container\">\n\t\t\t\t\t<div class=\"qodef-shortcode qodef-m  qodef-tabs clear qodef-orientation--horizontal qodef-layout--simple\">\n\t<ul class=\"qodef-tabs-navigation\">\n\t\t\t<\/ul>\n\t<div class=\"qodef-tabs-content\" id=\"qodef-tab-714\">\n\t<p style=\"margin-bottom: 25px;\">Starke Partnerschaften sind f\u00fcr uns ein fester Bestandteil der erfolgreichen Angeh\u00f6rigenpflege.<\/p><ul><li>Mitglied bei ASPS<\/li><li>Partner von der Bemeda Academy<\/li><li>Partner von Bemeda Personal<\/li><li>Partner der XUND Gesundheitsschule<\/li><li>Gr\u00fcndungsmitglied des Bildungsnetzes Kolibris<\/li><\/ul><\/div>\n<\/div>\n\t\t\t\t<\/div>\n\t\t\t\t<\/div>\n\t\t\t\t\t<\/div>\n\t\t<\/div>\n\t\t\t\t<div class=\"elementor-column elementor-col-50 elementor-top-column elementor-element elementor-element-a2615bd qodef-gradient-background-column--no\" data-id=\"a2615bd\" data-element_type=\"column\">\n\t\t\t<div class=\"elementor-widget-wrap elementor-element-populated\">\n\t\t\t\t\t\t<div class=\"elementor-element elementor-element-674df13 elementor-widget elementor-widget-deon_core_single_image\" data-id=\"674df13\" data-element_type=\"widget\" data-widget_type=\"deon_core_single_image.default\">\n\t\t\t\t<div class=\"elementor-widget-container\">\n\t\t\t\t\t<div class=\"qodef-shortcode qodef-m  qodef-single-image qodef-layout--default   \" >\n\t\t<div class=\"qodef-m-image \">\n\t\t\t\t\t<img decoding=\"async\" width=\"2560\" height=\"1707\" src=\"https:\/\/www.spitex-bemeda.ch\/wp-content\/uploads\/2025\/04\/AdobeStock_67953584-scaled.jpeg\" class=\"attachment-full size-full\" alt=\"\" srcset=\"https:\/\/www.spitex-bemeda.ch\/wp-content\/uploads\/2025\/04\/AdobeStock_67953584-scaled.jpeg 2560w, https:\/\/www.spitex-bemeda.ch\/wp-content\/uploads\/2025\/04\/AdobeStock_67953584-300x200.jpeg 300w, https:\/\/www.spitex-bemeda.ch\/wp-content\/uploads\/2025\/04\/AdobeStock_67953584-1024x683.jpeg 1024w, https:\/\/www.spitex-bemeda.ch\/wp-content\/uploads\/2025\/04\/AdobeStock_67953584-768x512.jpeg 768w, https:\/\/www.spitex-bemeda.ch\/wp-content\/uploads\/2025\/04\/AdobeStock_67953584-1536x1024.jpeg 1536w, https:\/\/www.spitex-bemeda.ch\/wp-content\/uploads\/2025\/04\/AdobeStock_67953584-2048x1365.jpeg 2048w, https:\/\/www.spitex-bemeda.ch\/wp-content\/uploads\/2025\/04\/AdobeStock_67953584-600x400.jpeg 600w\" sizes=\"(max-width: 2560px) 100vw, 2560px\" \/>\t\t\t<\/div>\n<\/div>\n\t\t\t\t<\/div>\n\t\t\t\t<\/div>\n\t\t\t\t\t<\/div>\n\t\t<\/div>\n\t\t\t\t\t<\/div>\n\t\t<\/section>\n\t\t\t\t<section class=\"elementor-section elementor-top-section elementor-element elementor-element-2214e79 elementor-section-full_width elementor-section-height-default elementor-section-height-default qodef-elementor-content-no\" data-id=\"2214e79\" data-element_type=\"section\">\n\t\t\t\t\t\t<div class=\"elementor-container elementor-column-gap-no\">\n\t\t\t\t\t<div class=\"elementor-column elementor-col-50 elementor-top-column elementor-element elementor-element-a9995f8 qodef-gradient-background-column--light\" data-id=\"a9995f8\" data-element_type=\"column\" data-settings=\"{&quot;background_background&quot;:&quot;gradient&quot;}\">\n\t\t\t<div class=\"elementor-widget-wrap elementor-element-populated\">\n\t\t\t\t\t\t<section class=\"elementor-section elementor-inner-section elementor-element elementor-element-af05c44 elementor-section-boxed elementor-section-height-default elementor-section-height-default qodef-elementor-content-no\" data-id=\"af05c44\" data-element_type=\"section\">\n\t\t\t\t\t\t<div class=\"elementor-container elementor-column-gap-default\">\n\t\t\t\t\t<div class=\"elementor-column elementor-col-50 elementor-inner-column elementor-element elementor-element-b03ba96 qodef-gradient-background-column--no\" data-id=\"b03ba96\" data-element_type=\"column\">\n\t\t\t<div class=\"elementor-widget-wrap elementor-element-populated\">\n\t\t\t\t\t\t<div class=\"elementor-element elementor-element-16e43a1 elementor-widget elementor-widget-deon_core_section_title\" data-id=\"16e43a1\" data-element_type=\"widget\" data-widget_type=\"deon_core_section_title.default\">\n\t\t\t\t<div class=\"elementor-widget-container\">\n\t\t\t\t\t<div class=\"qodef-shortcode qodef-m  qodef-section-title qodef-alignment--left  \">\n\t\t\t<h3 class=\"qodef-m-title\" >\n\t\t\t\t\tJobs &amp; Ausbildung\t\t\t<\/h3>\n\t\t<div class=\"qodef-m-section-text\" style=\"margin-top: 19px\"><p>Werde Teil unseres Teams und setz dich f\u00fcr die Gesundheit ein.<\/p><\/div>\n\t\t<\/div>\n\t\t\t\t<\/div>\n\t\t\t\t<\/div>\n\t\t\t\t\t<\/div>\n\t\t<\/div>\n\t\t\t\t<div class=\"elementor-column elementor-col-50 elementor-inner-column elementor-element elementor-element-3ca52b3 qodef-gradient-background-column--no\" data-id=\"3ca52b3\" data-element_type=\"column\">\n\t\t\t<div class=\"elementor-widget-wrap elementor-element-populated\">\n\t\t\t\t\t\t<div class=\"elementor-element elementor-element-440be13 elementor-widget elementor-widget-html\" data-id=\"440be13\" data-element_type=\"widget\" data-widget_type=\"html.default\">\n\t\t\t\t<div class=\"elementor-widget-container\">\n\t\t\t\t\t<a href=\"https:\/\/www.spitex-bemeda.ch\/index.php\/jobs-ausbildung\/\" target=\"_blank\" class=\"qodef-circle-button\">\n  <svg xmlns=\"http:\/\/www.w3.org\/2000\/svg\" xmlns:xlink=\"http:\/\/www.w3.org\/1999\/xlink\" x=\"0px\" y=\"0px\" width=\"90px\" height=\"90px\" viewBox=\"0 0 90 90\" enable-background=\"new 0 0 90 90\" xml:space=\"preserve\">\n    <circle fill=\"none\" stroke=\"#C3C4F9\" stroke-width=\"2\" stroke-miterlimit=\"10\" cx=\"45.567\" cy=\"44.925\" r=\"42\"><\/circle>\n    <g>\n      <path d=\"M51.662,45.394L40.958,56.019l-1.016-0.938l10.235-10.156L40.021,34.769l0.938-0.938l10.704,10.625V45.394z\"><\/path>\n    <\/g>\n  <\/svg>\n<\/a>\t\t\t\t<\/div>\n\t\t\t\t<\/div>\n\t\t\t\t\t<\/div>\n\t\t<\/div>\n\t\t\t\t\t<\/div>\n\t\t<\/section>\n\t\t\t\t\t<\/div>\n\t\t<\/div>\n\t\t\t\t<div class=\"elementor-column elementor-col-50 elementor-top-column elementor-element elementor-element-7d3fa62 qodef-gradient-background-column--no\" data-id=\"7d3fa62\" data-element_type=\"column\" data-settings=\"{&quot;background_background&quot;:&quot;classic&quot;}\">\n\t\t\t<div class=\"elementor-widget-wrap elementor-element-populated\">\n\t\t\t\t\t\t<section class=\"elementor-section elementor-inner-section elementor-element elementor-element-d14ab1f elementor-section-boxed elementor-section-height-default elementor-section-height-default qodef-elementor-content-no\" data-id=\"d14ab1f\" data-element_type=\"section\">\n\t\t\t\t\t\t<div class=\"elementor-container elementor-column-gap-default\">\n\t\t\t\t\t<div class=\"elementor-column elementor-col-50 elementor-inner-column elementor-element elementor-element-fbb798a qodef-gradient-background-column--no\" data-id=\"fbb798a\" data-element_type=\"column\">\n\t\t\t<div class=\"elementor-widget-wrap elementor-element-populated\">\n\t\t\t\t\t\t<div class=\"elementor-element elementor-element-22b1821 elementor-widget elementor-widget-deon_core_section_title\" data-id=\"22b1821\" data-element_type=\"widget\" data-widget_type=\"deon_core_section_title.default\">\n\t\t\t\t<div class=\"elementor-widget-container\">\n\t\t\t\t\t<div class=\"qodef-shortcode qodef-m  qodef-section-title qodef-alignment--left  \">\n\t\t\t<h3 class=\"qodef-m-title\" >\n\t\t\t\t\tUnser Newsletter\t\t\t<\/h3>\n\t\t<div class=\"qodef-m-section-text\" style=\"margin-top: 19px\"><p>Mit unserem Newsletter bleiben Sie immer bestens informiert.<\/p><\/div>\n\t\t<\/div>\n\t\t\t\t<\/div>\n\t\t\t\t<\/div>\n\t\t\t\t\t<\/div>\n\t\t<\/div>\n\t\t\t\t<div class=\"elementor-column elementor-col-50 elementor-inner-column elementor-element elementor-element-cfd5ac2 qodef-gradient-background-column--no\" data-id=\"cfd5ac2\" data-element_type=\"column\">\n\t\t\t<div class=\"elementor-widget-wrap elementor-element-populated\">\n\t\t\t\t\t\t<div class=\"elementor-element elementor-element-795d569 elementor-widget elementor-widget-html\" data-id=\"795d569\" data-element_type=\"widget\" data-widget_type=\"html.default\">\n\t\t\t\t<div class=\"elementor-widget-container\">\n\t\t\t\t\t<a href=\"#newsletter-anmeldung\" class=\"qodef-circle-button\">\r\n<svg xmlns=\"http:\/\/www.w3.org\/2000\/svg\" xmlns:xlink=\"http:\/\/www.w3.org\/1999\/xlink\" x=\"0px\" y=\"0px\" width=\"90px\" height=\"90px\" viewBox=\"0 0 90 90\" enable-background=\"new 0 0 90 90\" xml:space=\"preserve\">\r\n<circle fill=\"none\" stroke=\"#C3C4F9\" stroke-width=\"2\" stroke-miterlimit=\"10\" cx=\"45.567\" cy=\"44.925\" r=\"42\"><\/circle>\r\n<g>\r\n\t<path d=\"M51.662,45.394L40.958,56.019l-1.016-0.938l10.235-10.156L40.021,34.769l0.938-0.938l10.704,10.625V45.394z\"><\/path>\r\n<\/g>\r\n<\/svg>\r\n<\/a>\t\t\t\t<\/div>\n\t\t\t\t<\/div>\n\t\t\t\t\t<\/div>\n\t\t<\/div>\n\t\t\t\t\t<\/div>\n\t\t<\/section>\n\t\t\t\t\t<\/div>\n\t\t<\/div>\n\t\t\t\t\t<\/div>\n\t\t<\/section>\n\t\t\t\t<\/div>\n\t\t","protected":false},"excerpt":{"rendered":"<p>Unser Antrieb Wir sind \u00fcberzeugt, dass die Pflege durch Angeh\u00f6rige eine wertvolle Ressource im Gesundheits- und Sozialwesen ist, die es zu f\u00f6rdern gilt. Faire L\u00f6hne, soziale Integration sowie die Schliessung von AHV-L\u00fccken sind daf\u00fcr unentbehrlich. Faire L\u00f6hne Pflegende Angeh\u00f6rige sind eine unverzichtbare St\u00fctze des Schweizer Gesundheit- und Sozialwesens. Ihr Engagement verdient eine faire Entlohnung sowie [&hellip;]<\/p>\n","protected":false},"author":8,"featured_media":0,"parent":0,"menu_order":0,"comment_status":"closed","ping_status":"closed","template":"page-full-width.php","meta":{"footnotes":""},"class_list":["post-4040","page","type-page","status-publish","hentry"],"_links":{"self":[{"href":"https:\/\/www.spitex-bemeda.ch\/index.php\/wp-json\/wp\/v2\/pages\/4040","targetHints":{"allow":["GET"]}}],"collection":[{"href":"https:\/\/www.spitex-bemeda.ch\/index.php\/wp-json\/wp\/v2\/pages"}],"about":[{"href":"https:\/\/www.spitex-bemeda.ch\/index.php\/wp-json\/wp\/v2\/types\/page"}],"author":[{"embeddable":true,"href":"https:\/\/www.spitex-bemeda.ch\/index.php\/wp-json\/wp\/v2\/users\/8"}],"replies":[{"embeddable":true,"href":"https:\/\/www.spitex-bemeda.ch\/index.php\/wp-json\/wp\/v2\/comments?post=4040"}],"version-history":[{"count":70,"href":"https:\/\/www.spitex-bemeda.ch\/index.php\/wp-json\/wp\/v2\/pages\/4040\/revisions"}],"predecessor-version":[{"id":9941,"href":"https:\/\/www.spitex-bemeda.ch\/index.php\/wp-json\/wp\/v2\/pages\/4040\/revisions\/9941"}],"wp:attachment":[{"href":"https:\/\/www.spitex-bemeda.ch\/index.php\/wp-json\/wp\/v2\/media?parent=4040"}],"curies":[{"name":"wp","href":"https:\/\/api.w.org\/{rel}","templated":true}]}}