{"id":8865,"date":"2025-04-04T05:43:33","date_gmt":"2025-04-04T05:43:33","guid":{"rendered":"http:\/\/entwicklung.spitex-bemeda.ch\/?page_id=8865"},"modified":"2025-05-02T08:18:13","modified_gmt":"2025-05-02T08:18:13","slug":"begleitung","status":"publish","type":"page","link":"https:\/\/www.spitex-bemeda.ch\/index.php\/begleitung\/","title":{"rendered":"Begleitung"},"content":{"rendered":"\t\t<div data-elementor-type=\"wp-page\" data-elementor-id=\"8865\" class=\"elementor elementor-8865\">\n\t\t\t\t\t\t<section class=\"elementor-section elementor-top-section elementor-element elementor-element-28fd5b1 qodef-elementor-content-grid qodef-extended-grid qodef-extended-grid--right elementor-section-full_width elementor-section-height-default elementor-section-height-default\" data-id=\"28fd5b1\" data-element_type=\"section\" data-settings=\"{&quot;background_background&quot;:&quot;classic&quot;}\">\n\t\t\t\t\t\t<div class=\"elementor-container elementor-column-gap-no\">\n\t\t\t\t\t<div class=\"elementor-column elementor-col-33 elementor-top-column elementor-element elementor-element-04bad2e qodef-gradient-background-column--no\" data-id=\"04bad2e\" data-element_type=\"column\" data-settings=\"{&quot;background_background&quot;:&quot;classic&quot;}\">\n\t\t\t<div class=\"elementor-widget-wrap elementor-element-populated\">\n\t\t\t\t\t\t<div class=\"elementor-element elementor-element-557c543 elementor-widget-mobile__width-initial elementor-hidden-mobile elementor-hidden-tablet elementor-widget elementor-widget-deon_core_section_title\" data-id=\"557c543\" data-element_type=\"widget\" data-widget_type=\"deon_core_section_title.default\">\n\t\t\t\t<div class=\"elementor-widget-container\">\n\t\t\t\t\t<div class=\"qodef-shortcode qodef-m  qodef-section-title qodef-alignment--left  \">\n\t\t\t<h3 class=\"qodef-m-title\" style=\"margin-top:9px;\">\n\t\t\t\t\tKontrollbesuche<br \/>\t\t\t<\/h3>\n\t\t\t<\/div>\n\t\t\t\t<\/div>\n\t\t\t\t<\/div>\n\t\t\t\t<div class=\"elementor-element elementor-element-bda6294 elementor-widget-mobile__width-initial elementor-hidden-mobile elementor-hidden-desktop elementor-widget elementor-widget-deon_core_section_title\" data-id=\"bda6294\" data-element_type=\"widget\" data-widget_type=\"deon_core_section_title.default\">\n\t\t\t\t<div class=\"elementor-widget-container\">\n\t\t\t\t\t<div class=\"qodef-shortcode qodef-m  qodef-section-title qodef-alignment--left  \">\n\t\t\t<h3 class=\"qodef-m-title\" style=\"margin-top:9px;\">\n\t\t\t\t\tKontrollbesuche<br \/>\t\t\t<\/h3>\n\t\t\t<\/div>\n\t\t\t\t<\/div>\n\t\t\t\t<\/div>\n\t\t\t\t<div class=\"elementor-element elementor-element-def600a elementor-hidden-desktop elementor-hidden-tablet elementor-widget elementor-widget-deon_core_section_title\" data-id=\"def600a\" data-element_type=\"widget\" data-widget_type=\"deon_core_section_title.default\">\n\t\t\t\t<div class=\"elementor-widget-container\">\n\t\t\t\t\t<div class=\"qodef-shortcode qodef-m  qodef-section-title qodef-alignment--left  \">\n\t\t\t<h3 class=\"qodef-m-title\" style=\"margin-top:9px;\">\n\t\t\t\t\tKontrollbesuche<br \/>\t\t\t<\/h3>\n\t\t\t<\/div>\n\t\t\t\t<\/div>\n\t\t\t\t<\/div>\n\t\t\t\t<div class=\"elementor-element elementor-element-a896f73 elementor-widget-mobile__width-initial elementor-hidden-mobile elementor-hidden-tablet elementor-widget elementor-widget-text-editor\" data-id=\"a896f73\" data-element_type=\"widget\" data-widget_type=\"text-editor.default\">\n\t\t\t\t<div class=\"elementor-widget-container\">\n\t\t\t\t\t\t\t\t\t<p style=\"text-align: left;\">Die Angeh\u00f6rigenpflege ist anspruchsvoll. Daher besucht Sie einmal im Monat Ihre zugewiesene diplomierte Pflegefachperson HF, bewertet die Situation, beantwortet fachliche Fragen und bietet gezielte Unterst\u00fctzung.<\/p>\t\t\t\t\t\t\t\t<\/div>\n\t\t\t\t<\/div>\n\t\t\t\t<div class=\"elementor-element elementor-element-e9b8b2d elementor-widget-mobile__width-initial elementor-hidden-mobile elementor-hidden-desktop elementor-widget elementor-widget-text-editor\" data-id=\"e9b8b2d\" data-element_type=\"widget\" data-widget_type=\"text-editor.default\">\n\t\t\t\t<div class=\"elementor-widget-container\">\n\t\t\t\t\t\t\t\t\t<p style=\"text-align: left;\">Die Angeh\u00f6rigenpflege ist anspruchsvoll. Daher besucht Sie einmal im Monat Ihre zugewiesene diplomierte Pflegefachperson HF, bewertet die Situation, beantwortet fachliche Fragen und bietet gezielte Unterst\u00fctzung.<\/p>\t\t\t\t\t\t\t\t<\/div>\n\t\t\t\t<\/div>\n\t\t\t\t<div class=\"elementor-element elementor-element-ac9eee9 elementor-hidden-desktop elementor-hidden-tablet elementor-widget elementor-widget-text-editor\" data-id=\"ac9eee9\" data-element_type=\"widget\" data-widget_type=\"text-editor.default\">\n\t\t\t\t<div class=\"elementor-widget-container\">\n\t\t\t\t\t\t\t\t\t<p style=\"text-align: left;\">Die Angeh\u00f6rigenpflege ist anspruchsvoll. Daher besucht Sie einmal im Monat Ihre zugewiesene diplomierte Pflegefachperson HF, bewertet die Situation, beantwortet fachliche Fragen und bietet gezielte Unterst\u00fctzung.<\/p>\t\t\t\t\t\t\t\t<\/div>\n\t\t\t\t<\/div>\n\t\t\t\t\t<\/div>\n\t\t<\/div>\n\t\t\t\t<div class=\"elementor-column elementor-col-33 elementor-top-column elementor-element elementor-element-ba43152 qodef-gradient-background-column--no\" data-id=\"ba43152\" data-element_type=\"column\">\n\t\t\t<div class=\"elementor-widget-wrap elementor-element-populated\">\n\t\t\t\t\t\t<div class=\"elementor-element elementor-element-9d369f4 elementor-widget-mobile__width-initial elementor-hidden-mobile elementor-hidden-tablet elementor-widget elementor-widget-deon_core_section_title\" data-id=\"9d369f4\" data-element_type=\"widget\" data-widget_type=\"deon_core_section_title.default\">\n\t\t\t\t<div class=\"elementor-widget-container\">\n\t\t\t\t\t<div class=\"qodef-shortcode qodef-m  qodef-section-title qodef-alignment--left  \">\n\t\t\t<h3 class=\"qodef-m-title\" style=\"margin-top:9px;\">\n\t\t\t\t\tTelefontermine<br \/>\t\t\t<\/h3>\n\t\t\t<\/div>\n\t\t\t\t<\/div>\n\t\t\t\t<\/div>\n\t\t\t\t<div class=\"elementor-element elementor-element-cbbcab2 elementor-widget-mobile__width-initial elementor-hidden-mobile elementor-widget-tablet__width-initial elementor-hidden-desktop elementor-widget elementor-widget-deon_core_section_title\" data-id=\"cbbcab2\" data-element_type=\"widget\" data-widget_type=\"deon_core_section_title.default\">\n\t\t\t\t<div class=\"elementor-widget-container\">\n\t\t\t\t\t<div class=\"qodef-shortcode qodef-m  qodef-section-title qodef-alignment--left  \">\n\t\t\t<h3 class=\"qodef-m-title\" style=\"margin-top:9px;\">\n\t\t\t\t\tTelefontermine<br \/>\t\t\t<\/h3>\n\t\t\t<\/div>\n\t\t\t\t<\/div>\n\t\t\t\t<\/div>\n\t\t\t\t<div class=\"elementor-element elementor-element-943b93f elementor-widget-mobile__width-initial elementor-hidden-desktop elementor-hidden-tablet elementor-widget elementor-widget-deon_core_section_title\" data-id=\"943b93f\" data-element_type=\"widget\" data-widget_type=\"deon_core_section_title.default\">\n\t\t\t\t<div class=\"elementor-widget-container\">\n\t\t\t\t\t<div class=\"qodef-shortcode qodef-m  qodef-section-title qodef-alignment--left  \">\n\t\t\t<h3 class=\"qodef-m-title\" style=\"margin-top:9px;\">\n\t\t\t\t\tTelefontermine<br \/>\t\t\t<\/h3>\n\t\t\t<\/div>\n\t\t\t\t<\/div>\n\t\t\t\t<\/div>\n\t\t\t\t<div class=\"elementor-element elementor-element-0297d2f elementor-widget-mobile__width-initial elementor-hidden-mobile elementor-hidden-tablet elementor-widget elementor-widget-text-editor\" data-id=\"0297d2f\" data-element_type=\"widget\" data-widget_type=\"text-editor.default\">\n\t\t\t\t<div class=\"elementor-widget-container\">\n\t\t\t\t\t\t\t\t\t<p style=\"text-align: left;\">Zus\u00e4tzlich zu den Kontrollbesuchen finden zweimal im Monat Telefontermine statt. Sie haben die M\u00f6glichkeit, W\u00fcnsche, Bedenken oder Unklarheiten anzusprechen. So bieten wir Ihnen erg\u00e4nzende Unterst\u00fctzung und Begleitung.<\/p>\t\t\t\t\t\t\t\t<\/div>\n\t\t\t\t<\/div>\n\t\t\t\t<div class=\"elementor-element elementor-element-fba5d90 elementor-widget-mobile__width-initial elementor-hidden-mobile elementor-widget-tablet__width-initial elementor-hidden-desktop elementor-widget elementor-widget-text-editor\" data-id=\"fba5d90\" data-element_type=\"widget\" data-widget_type=\"text-editor.default\">\n\t\t\t\t<div class=\"elementor-widget-container\">\n\t\t\t\t\t\t\t\t\t<p style=\"text-align: left;\">Zus\u00e4tzlich zu den Kontrollbesuchen finden zweimal im Monat Telefontermine statt. Sie haben die M\u00f6glichkeit, W\u00fcnsche, Bedenken oder Unklarheiten anzusprechen. So bieten wir Ihnen erg\u00e4nzende Unterst\u00fctzung und Begleitung.<\/p>\t\t\t\t\t\t\t\t<\/div>\n\t\t\t\t<\/div>\n\t\t\t\t<div class=\"elementor-element elementor-element-60197c2 elementor-hidden-desktop elementor-hidden-tablet elementor-widget elementor-widget-text-editor\" data-id=\"60197c2\" data-element_type=\"widget\" data-widget_type=\"text-editor.default\">\n\t\t\t\t<div class=\"elementor-widget-container\">\n\t\t\t\t\t\t\t\t\t<p style=\"text-align: left;\">Zus\u00e4tzlich zu den Kontrollbesuchen finden zweimal im Monat Telefontermine statt. Sie haben die M\u00f6glichkeit, W\u00fcnsche, Bedenken oder Unklarheiten anzusprechen. So bieten wir Ihnen erg\u00e4nzende Unterst\u00fctzung und Begleitung.<\/p>\t\t\t\t\t\t\t\t<\/div>\n\t\t\t\t<\/div>\n\t\t\t\t\t<\/div>\n\t\t<\/div>\n\t\t\t\t<div class=\"elementor-column elementor-col-33 elementor-top-column elementor-element elementor-element-cfe814a qodef-gradient-background-column--no\" data-id=\"cfe814a\" data-element_type=\"column\">\n\t\t\t<div class=\"elementor-widget-wrap elementor-element-populated\">\n\t\t\t\t\t\t<div class=\"elementor-element elementor-element-75e75ac elementor-widget-mobile__width-initial elementor-hidden-mobile elementor-hidden-tablet elementor-widget elementor-widget-deon_core_section_title\" data-id=\"75e75ac\" data-element_type=\"widget\" data-widget_type=\"deon_core_section_title.default\">\n\t\t\t\t<div class=\"elementor-widget-container\">\n\t\t\t\t\t<div class=\"qodef-shortcode qodef-m  qodef-section-title qodef-alignment--left  \">\n\t\t\t<h3 class=\"qodef-m-title\" style=\"margin-top:9px;\">\n\t\t\t\t\tPflegehelferkurs<br \/>\t\t\t<\/h3>\n\t\t\t<\/div>\n\t\t\t\t<\/div>\n\t\t\t\t<\/div>\n\t\t\t\t<div class=\"elementor-element elementor-element-7221679 elementor-widget-mobile__width-initial elementor-hidden-mobile elementor-widget-tablet__width-initial elementor-hidden-desktop elementor-widget elementor-widget-deon_core_section_title\" data-id=\"7221679\" data-element_type=\"widget\" data-widget_type=\"deon_core_section_title.default\">\n\t\t\t\t<div class=\"elementor-widget-container\">\n\t\t\t\t\t<div class=\"qodef-shortcode qodef-m  qodef-section-title qodef-alignment--left  \">\n\t\t\t<h3 class=\"qodef-m-title\" style=\"margin-top:9px;\">\n\t\t\t\t\tPflegehelferkurs<br \/>\t\t\t<\/h3>\n\t\t\t<\/div>\n\t\t\t\t<\/div>\n\t\t\t\t<\/div>\n\t\t\t\t<div class=\"elementor-element elementor-element-dab55b1 elementor-widget-mobile__width-initial elementor-hidden-desktop elementor-hidden-tablet elementor-widget elementor-widget-deon_core_section_title\" data-id=\"dab55b1\" data-element_type=\"widget\" data-widget_type=\"deon_core_section_title.default\">\n\t\t\t\t<div class=\"elementor-widget-container\">\n\t\t\t\t\t<div class=\"qodef-shortcode qodef-m  qodef-section-title qodef-alignment--left  \">\n\t\t\t<h3 class=\"qodef-m-title\" style=\"margin-top:9px;\">\n\t\t\t\t\tPflegehelferkurs<br \/>\t\t\t<\/h3>\n\t\t\t<\/div>\n\t\t\t\t<\/div>\n\t\t\t\t<\/div>\n\t\t\t\t<div class=\"elementor-element elementor-element-8cd1d3a elementor-widget-mobile__width-initial e-transform elementor-hidden-mobile elementor-hidden-tablet elementor-widget elementor-widget-text-editor\" data-id=\"8cd1d3a\" data-element_type=\"widget\" data-settings=\"{&quot;_transform_translateX_effect_mobile&quot;:{&quot;unit&quot;:&quot;px&quot;,&quot;size&quot;:0,&quot;sizes&quot;:[]},&quot;_transform_translateX_effect&quot;:{&quot;unit&quot;:&quot;px&quot;,&quot;size&quot;:&quot;&quot;,&quot;sizes&quot;:[]},&quot;_transform_translateX_effect_tablet&quot;:{&quot;unit&quot;:&quot;px&quot;,&quot;size&quot;:&quot;&quot;,&quot;sizes&quot;:[]},&quot;_transform_translateY_effect&quot;:{&quot;unit&quot;:&quot;px&quot;,&quot;size&quot;:&quot;&quot;,&quot;sizes&quot;:[]},&quot;_transform_translateY_effect_tablet&quot;:{&quot;unit&quot;:&quot;px&quot;,&quot;size&quot;:&quot;&quot;,&quot;sizes&quot;:[]},&quot;_transform_translateY_effect_mobile&quot;:{&quot;unit&quot;:&quot;px&quot;,&quot;size&quot;:&quot;&quot;,&quot;sizes&quot;:[]}}\" data-widget_type=\"text-editor.default\">\n\t\t\t\t<div class=\"elementor-widget-container\">\n\t\t\t\t\t\t\t\t\t<p style=\"text-align: left;\">Die Pflege von Angeh\u00f6rigen erfordert Wissen. Wir bieten Ihnen daher einen kostenfreien Kurs an, der theoretisches Wissen und praxisnahe \u00dcbungen kombiniert, um Ihnen die Pflege Ihrer Angeh\u00f6rigen zu erleichtern.<\/p>\t\t\t\t\t\t\t\t<\/div>\n\t\t\t\t<\/div>\n\t\t\t\t<div class=\"elementor-element elementor-element-89b665c elementor-widget-mobile__width-initial e-transform elementor-hidden-mobile elementor-widget-tablet__width-initial elementor-hidden-desktop elementor-widget elementor-widget-text-editor\" data-id=\"89b665c\" data-element_type=\"widget\" data-settings=\"{&quot;_transform_translateX_effect_mobile&quot;:{&quot;unit&quot;:&quot;px&quot;,&quot;size&quot;:0,&quot;sizes&quot;:[]},&quot;_transform_translateX_effect&quot;:{&quot;unit&quot;:&quot;px&quot;,&quot;size&quot;:&quot;&quot;,&quot;sizes&quot;:[]},&quot;_transform_translateX_effect_tablet&quot;:{&quot;unit&quot;:&quot;px&quot;,&quot;size&quot;:&quot;&quot;,&quot;sizes&quot;:[]},&quot;_transform_translateY_effect&quot;:{&quot;unit&quot;:&quot;px&quot;,&quot;size&quot;:&quot;&quot;,&quot;sizes&quot;:[]},&quot;_transform_translateY_effect_tablet&quot;:{&quot;unit&quot;:&quot;px&quot;,&quot;size&quot;:&quot;&quot;,&quot;sizes&quot;:[]},&quot;_transform_translateY_effect_mobile&quot;:{&quot;unit&quot;:&quot;px&quot;,&quot;size&quot;:&quot;&quot;,&quot;sizes&quot;:[]}}\" data-widget_type=\"text-editor.default\">\n\t\t\t\t<div class=\"elementor-widget-container\">\n\t\t\t\t\t\t\t\t\t<p style=\"text-align: left;\">Die Pflege von Angeh\u00f6rigen erfordert Wissen. Wir bieten Ihnen daher einen kostenfreien Kurs an, der theoretisches Wissen und praxisnahe \u00dcbungen kombiniert, um Ihnen die Pflege Ihrer Angeh\u00f6rigen zu erleichtern.<\/p>\t\t\t\t\t\t\t\t<\/div>\n\t\t\t\t<\/div>\n\t\t\t\t<div class=\"elementor-element elementor-element-46bd336 e-transform elementor-hidden-desktop elementor-hidden-tablet elementor-widget elementor-widget-text-editor\" data-id=\"46bd336\" data-element_type=\"widget\" data-settings=\"{&quot;_transform_translateX_effect_mobile&quot;:{&quot;unit&quot;:&quot;px&quot;,&quot;size&quot;:0,&quot;sizes&quot;:[]},&quot;_transform_translateX_effect&quot;:{&quot;unit&quot;:&quot;px&quot;,&quot;size&quot;:&quot;&quot;,&quot;sizes&quot;:[]},&quot;_transform_translateX_effect_tablet&quot;:{&quot;unit&quot;:&quot;px&quot;,&quot;size&quot;:&quot;&quot;,&quot;sizes&quot;:[]},&quot;_transform_translateY_effect&quot;:{&quot;unit&quot;:&quot;px&quot;,&quot;size&quot;:&quot;&quot;,&quot;sizes&quot;:[]},&quot;_transform_translateY_effect_tablet&quot;:{&quot;unit&quot;:&quot;px&quot;,&quot;size&quot;:&quot;&quot;,&quot;sizes&quot;:[]},&quot;_transform_translateY_effect_mobile&quot;:{&quot;unit&quot;:&quot;px&quot;,&quot;size&quot;:&quot;&quot;,&quot;sizes&quot;:[]}}\" data-widget_type=\"text-editor.default\">\n\t\t\t\t<div class=\"elementor-widget-container\">\n\t\t\t\t\t\t\t\t\t<p style=\"text-align: left;\">Die Pflege von Angeh\u00f6rigen erfordert Wissen. Wir bieten Ihnen daher einen kostenfreien Kurs an, der theoretisches Wissen und praxisnahe \u00dcbungen kombiniert, um Ihnen die Pflege Ihrer Angeh\u00f6rigen zu erleichtern.<\/p>\t\t\t\t\t\t\t\t<\/div>\n\t\t\t\t<\/div>\n\t\t\t\t\t<\/div>\n\t\t<\/div>\n\t\t\t\t\t<\/div>\n\t\t<\/section>\n\t\t\t\t<section class=\"elementor-section elementor-top-section elementor-element elementor-element-22c191f elementor-section-full_width elementor-section-height-default elementor-section-height-default qodef-elementor-content-no\" data-id=\"22c191f\" data-element_type=\"section\">\n\t\t\t\t\t\t<div class=\"elementor-container elementor-column-gap-no\">\n\t\t\t\t\t<div class=\"elementor-column elementor-col-50 elementor-top-column elementor-element elementor-element-c41ab4d qodef-gradient-background-column--light\" data-id=\"c41ab4d\" data-element_type=\"column\" data-settings=\"{&quot;background_background&quot;:&quot;gradient&quot;}\">\n\t\t\t<div class=\"elementor-widget-wrap elementor-element-populated\">\n\t\t\t\t\t\t<section class=\"elementor-section elementor-inner-section elementor-element elementor-element-ad97729 elementor-section-boxed elementor-section-height-default elementor-section-height-default qodef-elementor-content-no\" data-id=\"ad97729\" data-element_type=\"section\">\n\t\t\t\t\t\t<div class=\"elementor-container elementor-column-gap-default\">\n\t\t\t\t\t<div class=\"elementor-column elementor-col-50 elementor-inner-column elementor-element elementor-element-a761999 qodef-gradient-background-column--no\" data-id=\"a761999\" data-element_type=\"column\">\n\t\t\t<div class=\"elementor-widget-wrap elementor-element-populated\">\n\t\t\t\t\t\t<div class=\"elementor-element elementor-element-6a48c4c elementor-widget elementor-widget-deon_core_section_title\" data-id=\"6a48c4c\" data-element_type=\"widget\" data-widget_type=\"deon_core_section_title.default\">\n\t\t\t\t<div class=\"elementor-widget-container\">\n\t\t\t\t\t<div class=\"qodef-shortcode qodef-m  qodef-section-title qodef-alignment--left  \">\n\t\t\t<h3 class=\"qodef-m-title\" >\n\t\t\t\t\tJobs &amp; Ausbildung\t\t\t<\/h3>\n\t\t<div class=\"qodef-m-section-text\" style=\"margin-top: 19px\"><p>Werde Teil unseres Teams und setz dich f\u00fcr die Gesundheit ein.<\/p><\/div>\n\t\t<\/div>\n\t\t\t\t<\/div>\n\t\t\t\t<\/div>\n\t\t\t\t\t<\/div>\n\t\t<\/div>\n\t\t\t\t<div class=\"elementor-column elementor-col-50 elementor-inner-column elementor-element elementor-element-ee30164 qodef-gradient-background-column--no\" data-id=\"ee30164\" data-element_type=\"column\">\n\t\t\t<div class=\"elementor-widget-wrap elementor-element-populated\">\n\t\t\t\t\t\t<div class=\"elementor-element elementor-element-b4914d5 elementor-widget elementor-widget-html\" data-id=\"b4914d5\" data-element_type=\"widget\" data-widget_type=\"html.default\">\n\t\t\t\t<div class=\"elementor-widget-container\">\n\t\t\t\t\t<a href=\"https:\/\/www.spitex-bemeda.ch\/index.php\/jobs-ausbildung\/\" target=\"_blank\" class=\"qodef-circle-button\">\n  <svg xmlns=\"http:\/\/www.w3.org\/2000\/svg\" xmlns:xlink=\"http:\/\/www.w3.org\/1999\/xlink\" x=\"0px\" y=\"0px\" width=\"90px\" height=\"90px\" viewBox=\"0 0 90 90\" enable-background=\"new 0 0 90 90\" xml:space=\"preserve\">\n    <circle fill=\"none\" stroke=\"#C3C4F9\" stroke-width=\"2\" stroke-miterlimit=\"10\" cx=\"45.567\" cy=\"44.925\" r=\"42\"><\/circle>\n    <g>\n      <path d=\"M51.662,45.394L40.958,56.019l-1.016-0.938l10.235-10.156L40.021,34.769l0.938-0.938l10.704,10.625V45.394z\"><\/path>\n    <\/g>\n  <\/svg>\n<\/a>\t\t\t\t<\/div>\n\t\t\t\t<\/div>\n\t\t\t\t\t<\/div>\n\t\t<\/div>\n\t\t\t\t\t<\/div>\n\t\t<\/section>\n\t\t\t\t\t<\/div>\n\t\t<\/div>\n\t\t\t\t<div class=\"elementor-column elementor-col-50 elementor-top-column elementor-element elementor-element-e0a2fe7 qodef-gradient-background-column--no\" data-id=\"e0a2fe7\" data-element_type=\"column\" data-settings=\"{&quot;background_background&quot;:&quot;classic&quot;}\">\n\t\t\t<div class=\"elementor-widget-wrap elementor-element-populated\">\n\t\t\t\t\t\t<section class=\"elementor-section elementor-inner-section elementor-element elementor-element-e366566 elementor-section-boxed elementor-section-height-default elementor-section-height-default qodef-elementor-content-no\" data-id=\"e366566\" data-element_type=\"section\">\n\t\t\t\t\t\t<div class=\"elementor-container elementor-column-gap-default\">\n\t\t\t\t\t<div class=\"elementor-column elementor-col-50 elementor-inner-column elementor-element elementor-element-28f3545 qodef-gradient-background-column--no\" data-id=\"28f3545\" data-element_type=\"column\">\n\t\t\t<div class=\"elementor-widget-wrap elementor-element-populated\">\n\t\t\t\t\t\t<div class=\"elementor-element elementor-element-1dd539a elementor-widget elementor-widget-deon_core_section_title\" data-id=\"1dd539a\" data-element_type=\"widget\" data-widget_type=\"deon_core_section_title.default\">\n\t\t\t\t<div class=\"elementor-widget-container\">\n\t\t\t\t\t<div class=\"qodef-shortcode qodef-m  qodef-section-title qodef-alignment--left  \">\n\t\t\t<h3 class=\"qodef-m-title\" >\n\t\t\t\t\tUnser Newsletter\t\t\t<\/h3>\n\t\t<div class=\"qodef-m-section-text\" style=\"margin-top: 19px\"><p>Mit unserem Newsletter bleiben Sie immer bestens informiert.<\/p><\/div>\n\t\t<\/div>\n\t\t\t\t<\/div>\n\t\t\t\t<\/div>\n\t\t\t\t\t<\/div>\n\t\t<\/div>\n\t\t\t\t<div class=\"elementor-column elementor-col-50 elementor-inner-column elementor-element elementor-element-2e48283 qodef-gradient-background-column--no\" data-id=\"2e48283\" data-element_type=\"column\">\n\t\t\t<div class=\"elementor-widget-wrap elementor-element-populated\">\n\t\t\t\t\t\t<div class=\"elementor-element elementor-element-8b0e70b elementor-widget elementor-widget-html\" data-id=\"8b0e70b\" data-element_type=\"widget\" data-widget_type=\"html.default\">\n\t\t\t\t<div class=\"elementor-widget-container\">\n\t\t\t\t\t<a href=\"#newsletter-anmeldung\" class=\"qodef-circle-button\">\r\n<svg xmlns=\"http:\/\/www.w3.org\/2000\/svg\" xmlns:xlink=\"http:\/\/www.w3.org\/1999\/xlink\" x=\"0px\" y=\"0px\" width=\"90px\" height=\"90px\" viewBox=\"0 0 90 90\" enable-background=\"new 0 0 90 90\" xml:space=\"preserve\">\r\n<circle fill=\"none\" stroke=\"#C3C4F9\" stroke-width=\"2\" stroke-miterlimit=\"10\" cx=\"45.567\" cy=\"44.925\" r=\"42\"><\/circle>\r\n<g>\r\n\t<path d=\"M51.662,45.394L40.958,56.019l-1.016-0.938l10.235-10.156L40.021,34.769l0.938-0.938l10.704,10.625V45.394z\"><\/path>\r\n<\/g>\r\n<\/svg>\r\n<\/a>\t\t\t\t<\/div>\n\t\t\t\t<\/div>\n\t\t\t\t\t<\/div>\n\t\t<\/div>\n\t\t\t\t\t<\/div>\n\t\t<\/section>\n\t\t\t\t\t<\/div>\n\t\t<\/div>\n\t\t\t\t\t<\/div>\n\t\t<\/section>\n\t\t<div class=\"elementor-element elementor-element-8bb5439 e-flex e-con-boxed qodef-elementor-content-no e-con e-parent\" data-id=\"8bb5439\" data-element_type=\"container\">\n\t\t\t\t\t<div class=\"e-con-inner\">\n\t\t\t\t<div class=\"elementor-element elementor-element-aa559df elementor-widget elementor-widget-spacer\" data-id=\"aa559df\" data-element_type=\"widget\" data-widget_type=\"spacer.default\">\n\t\t\t\t<div class=\"elementor-widget-container\">\n\t\t\t\t\t\t\t<div class=\"elementor-spacer\">\n\t\t\t<div class=\"elementor-spacer-inner\"><\/div>\n\t\t<\/div>\n\t\t\t\t\t\t<\/div>\n\t\t\t\t<\/div>\n\t\t\t\t\t<\/div>\n\t\t\t\t<\/div>\n\t\t\t\t<\/div>\n\t\t","protected":false},"excerpt":{"rendered":"<p>Kontrollbesuche Kontrollbesuche Kontrollbesuche Die Angeh\u00f6rigenpflege ist anspruchsvoll. Daher besucht Sie einmal im Monat Ihre zugewiesene diplomierte Pflegefachperson HF, bewertet die Situation, beantwortet fachliche Fragen und bietet gezielte Unterst\u00fctzung. Die Angeh\u00f6rigenpflege ist anspruchsvoll. Daher besucht Sie einmal im Monat Ihre zugewiesene diplomierte Pflegefachperson HF, bewertet die Situation, beantwortet fachliche Fragen und bietet gezielte Unterst\u00fctzung. Die Angeh\u00f6rigenpflege [&hellip;]<\/p>\n","protected":false},"author":8,"featured_media":0,"parent":0,"menu_order":0,"comment_status":"closed","ping_status":"closed","template":"page-full-width.php","meta":{"footnotes":""},"class_list":["post-8865","page","type-page","status-publish","hentry"],"_links":{"self":[{"href":"https:\/\/www.spitex-bemeda.ch\/index.php\/wp-json\/wp\/v2\/pages\/8865","targetHints":{"allow":["GET"]}}],"collection":[{"href":"https:\/\/www.spitex-bemeda.ch\/index.php\/wp-json\/wp\/v2\/pages"}],"about":[{"href":"https:\/\/www.spitex-bemeda.ch\/index.php\/wp-json\/wp\/v2\/types\/page"}],"author":[{"embeddable":true,"href":"https:\/\/www.spitex-bemeda.ch\/index.php\/wp-json\/wp\/v2\/users\/8"}],"replies":[{"embeddable":true,"href":"https:\/\/www.spitex-bemeda.ch\/index.php\/wp-json\/wp\/v2\/comments?post=8865"}],"version-history":[{"count":121,"href":"https:\/\/www.spitex-bemeda.ch\/index.php\/wp-json\/wp\/v2\/pages\/8865\/revisions"}],"predecessor-version":[{"id":9652,"href":"https:\/\/www.spitex-bemeda.ch\/index.php\/wp-json\/wp\/v2\/pages\/8865\/revisions\/9652"}],"wp:attachment":[{"href":"https:\/\/www.spitex-bemeda.ch\/index.php\/wp-json\/wp\/v2\/media?parent=8865"}],"curies":[{"name":"wp","href":"https:\/\/api.w.org\/{rel}","templated":true}]}}