{"id":9629,"date":"2025-05-02T06:45:35","date_gmt":"2025-05-02T06:45:35","guid":{"rendered":"https:\/\/entwicklung.spitex-bemeda.ch\/?page_id=9629"},"modified":"2026-03-09T13:05:18","modified_gmt":"2026-03-09T13:05:18","slug":"jobs-ausbildung","status":"publish","type":"page","link":"https:\/\/www.spitex-bemeda.ch\/index.php\/jobs-ausbildung\/","title":{"rendered":"Jobs &#038; Ausbildung"},"content":{"rendered":"\t\t<div data-elementor-type=\"wp-page\" data-elementor-id=\"9629\" class=\"elementor elementor-9629\">\n\t\t\t\t\t\t<section class=\"elementor-section elementor-top-section elementor-element elementor-element-57759e8 elementor-section-boxed elementor-section-height-default elementor-section-height-default qodef-elementor-content-no\" data-id=\"57759e8\" data-element_type=\"section\">\n\t\t\t\t\t\t<div class=\"elementor-container elementor-column-gap-default\">\n\t\t\t\t\t<div class=\"elementor-column elementor-col-33 elementor-top-column elementor-element elementor-element-a00481e qodef-gradient-background-column--no\" data-id=\"a00481e\" data-element_type=\"column\">\n\t\t\t<div class=\"elementor-widget-wrap elementor-element-populated\">\n\t\t\t\t\t\t<div class=\"elementor-element elementor-element-fc92f49 elementor-widget__width-initial elementor-widget elementor-widget-deon_core_numbered_text\" data-id=\"fc92f49\" data-element_type=\"widget\" data-widget_type=\"deon_core_numbered_text.default\">\n\t\t\t\t<div class=\"elementor-widget-container\">\n\t\t\t\t\t<div class=\"qodef-shortcode qodef-m  qodef-numbered-text qodef-alignment--left \">\n\t\t\t<h4 class=\"qodef-m-title\" >\n\t\t\t\t\tFeste Zeiten\t\t\t<\/h4>\n\t\t<p class=\"qodef-m-description\" >Montag bis Freitag, keine Wochenenddienste! Bei uns profitierst Du von klar geregelten Arbeitszeiten in der Pflegebranche.<\/p>\n\t<\/div>\n\t\t\t\t<\/div>\n\t\t\t\t<\/div>\n\t\t\t\t\t<\/div>\n\t\t<\/div>\n\t\t\t\t<div class=\"elementor-column elementor-col-33 elementor-top-column elementor-element elementor-element-24c12ac qodef-gradient-background-column--no\" data-id=\"24c12ac\" data-element_type=\"column\">\n\t\t\t<div class=\"elementor-widget-wrap elementor-element-populated\">\n\t\t\t\t\t\t<div class=\"elementor-element elementor-element-e10b75e elementor-widget__width-initial elementor-widget elementor-widget-deon_core_numbered_text\" data-id=\"e10b75e\" data-element_type=\"widget\" data-widget_type=\"deon_core_numbered_text.default\">\n\t\t\t\t<div class=\"elementor-widget-container\">\n\t\t\t\t\t<div class=\"qodef-shortcode qodef-m  qodef-numbered-text qodef-alignment--left \">\n\t\t\t<h4 class=\"qodef-m-title\" >\n\t\t\t\t\tStarkes Team\t\t\t<\/h4>\n\t\t<p class=\"qodef-m-description\" >Ein kollegiales, famili\u00e4res Umfeld und regelm\u00e4ssige Teamevents sorgen f\u00fcr ein gutes Miteinander und echte Verbundenheit.<\/p>\n\t<\/div>\n\t\t\t\t<\/div>\n\t\t\t\t<\/div>\n\t\t\t\t\t<\/div>\n\t\t<\/div>\n\t\t\t\t<div class=\"elementor-column elementor-col-33 elementor-top-column elementor-element elementor-element-30711f2 qodef-gradient-background-column--no\" data-id=\"30711f2\" data-element_type=\"column\">\n\t\t\t<div class=\"elementor-widget-wrap elementor-element-populated\">\n\t\t\t\t\t\t<div class=\"elementor-element elementor-element-83b8988 elementor-widget__width-initial elementor-widget elementor-widget-deon_core_numbered_text\" data-id=\"83b8988\" data-element_type=\"widget\" data-widget_type=\"deon_core_numbered_text.default\">\n\t\t\t\t<div class=\"elementor-widget-container\">\n\t\t\t\t\t<div class=\"qodef-shortcode qodef-m  qodef-numbered-text qodef-alignment--left \">\n\t\t\t<h4 class=\"qodef-m-title\" >\n\t\t\t\t\tIhre Zukunft\t\t\t<\/h4>\n\t\t<p class=\"qodef-m-description\" >Wir f\u00f6rdern Ihre Entwicklung mit Weiterbildungen, modernen Arbeitspl\u00e4tzen und klaren Aufstiegsm\u00f6glichkeiten.<\/p>\n\t<\/div>\n\t\t\t\t<\/div>\n\t\t\t\t<\/div>\n\t\t\t\t\t<\/div>\n\t\t<\/div>\n\t\t\t\t\t<\/div>\n\t\t<\/section>\n\t\t\t\t<section class=\"elementor-section elementor-top-section elementor-element elementor-element-b65c732 elementor-section-full_width qodef-elementor-content-grid elementor-section-height-default elementor-section-height-default\" data-id=\"b65c732\" data-element_type=\"section\" data-settings=\"{&quot;background_background&quot;:&quot;classic&quot;}\">\n\t\t\t\t\t\t<div class=\"elementor-container elementor-column-gap-default\">\n\t\t\t\t\t<div class=\"elementor-column elementor-col-100 elementor-top-column elementor-element elementor-element-d85b46c qodef-gradient-background-column--no\" data-id=\"d85b46c\" data-element_type=\"column\">\n\t\t\t<div class=\"elementor-widget-wrap elementor-element-populated\">\n\t\t\t\t\t\t<div class=\"elementor-element elementor-element-a730f0c elementor-widget elementor-widget-html\" data-id=\"a730f0c\" data-element_type=\"widget\" data-widget_type=\"html.default\">\n\t\t\t\t<div class=\"elementor-widget-container\">\n\t\t\t\t\t<div id=\"join-widget\">\n        <script\n          defer\n          type=\"text\/javascript\"\n          data-mount-in=\"#join-widget\"\n          src=\"https:\/\/join.com\/api\/widget\/bundle\/eyJhbGciOiJIUzI1NiIsInR5cCI6IkpXVCJ9.eyJzZXR0aW5ncyI6eyJzaG93Q2F0ZWdvcnlGaWx0ZXIiOnRydWUsInNob3dMb2NhdGlvbkZpbHRlciI6dHJ1ZSwic2hvd0VtcGxveW1lbnRUeXBlRmlsdGVyIjp0cnVlLCJsYW5ndWFnZSI6ImRlIiwiam9ic1BlclBhZ2UiOjI1fSwiam9icyI6e30sImRlc2lnbiI6eyJzaG93TG9nbyI6dHJ1ZSwic2hvd0xvY2F0aW9uIjp0cnVlLCJzaG93RW1wbG95bWVudFR5cGUiOnRydWUsInNob3dDYXRlZ29yeSI6dHJ1ZSwiY29sb3JzIjp7IndpZGdldCI6eyJiYWNrZ3JvdW5kIjoiI0ZGRkZGRiIsImZpbHRlckJvcmRlciI6IiNENEQ0RDgiLCJwYWdpbmF0aW9uIjoiIzI1NjNFQiJ9LCJqb2JDYXJkIjp7InNoYWRvdyI6IiNENEQ0RDgiLCJiYWNrZ3JvdW5kIjoiI0ZGRkZGRiIsInByaW1hcnlUZXh0IjoiIzNGM0Y0NiIsInNlY29uZGFyeVRleHQiOiIjNTI1MjVCIn19fSwidmVyc2lvbiI6MiwiY29tcGFueVB1YmxpY0lkIjoiZDdhMTVjMjNiMGMwMjliZDQwYjNiMGY3MjcyMDBjYzMiLCJpYXQiOjE3NDYxNjg5ODUsImp0aSI6IjVlNmJhZTcwLTI0YTctNGNhZC05OTBjLTMzNjBhNDYyNjM3MCJ9.tnKEmhlCmRPJO4YzoJeaHjjJ6Mo5t_wkw7veSp0zEBg\"\n        ><\/script>\n      <\/div>\t\t\t\t<\/div>\n\t\t\t\t<\/div>\n\t\t\t\t\t<\/div>\n\t\t<\/div>\n\t\t\t\t\t<\/div>\n\t\t<\/section>\n\t\t\t\t<\/div>\n\t\t","protected":false},"excerpt":{"rendered":"<p>Feste Zeiten Montag bis Freitag, keine Wochenenddienste! Bei uns profitierst Du von klar geregelten Arbeitszeiten in der Pflegebranche. Starkes Team Ein kollegiales, famili\u00e4res Umfeld und regelm\u00e4ssige Teamevents sorgen f\u00fcr ein gutes Miteinander und echte Verbundenheit. Ihre Zukunft Wir f\u00f6rdern Ihre Entwicklung mit Weiterbildungen, modernen Arbeitspl\u00e4tzen und klaren Aufstiegsm\u00f6glichkeiten.<\/p>\n","protected":false},"author":8,"featured_media":0,"parent":0,"menu_order":0,"comment_status":"closed","ping_status":"closed","template":"page-full-width.php","meta":{"footnotes":""},"class_list":["post-9629","page","type-page","status-publish","hentry"],"_links":{"self":[{"href":"https:\/\/www.spitex-bemeda.ch\/index.php\/wp-json\/wp\/v2\/pages\/9629","targetHints":{"allow":["GET"]}}],"collection":[{"href":"https:\/\/www.spitex-bemeda.ch\/index.php\/wp-json\/wp\/v2\/pages"}],"about":[{"href":"https:\/\/www.spitex-bemeda.ch\/index.php\/wp-json\/wp\/v2\/types\/page"}],"author":[{"embeddable":true,"href":"https:\/\/www.spitex-bemeda.ch\/index.php\/wp-json\/wp\/v2\/users\/8"}],"replies":[{"embeddable":true,"href":"https:\/\/www.spitex-bemeda.ch\/index.php\/wp-json\/wp\/v2\/comments?post=9629"}],"version-history":[{"count":19,"href":"https:\/\/www.spitex-bemeda.ch\/index.php\/wp-json\/wp\/v2\/pages\/9629\/revisions"}],"predecessor-version":[{"id":9920,"href":"https:\/\/www.spitex-bemeda.ch\/index.php\/wp-json\/wp\/v2\/pages\/9629\/revisions\/9920"}],"wp:attachment":[{"href":"https:\/\/www.spitex-bemeda.ch\/index.php\/wp-json\/wp\/v2\/media?parent=9629"}],"curies":[{"name":"wp","href":"https:\/\/api.w.org\/{rel}","templated":true}]}}